{"id":135826,"date":"2024-01-01T12:00:14","date_gmt":"2024-01-01T11:00:14","guid":{"rendered":"https:\/\/undsgn.com\/uncode\/?page_id=135826"},"modified":"2026-02-27T13:55:25","modified_gmt":"2026-02-27T12:55:25","slug":"opengrpd-branchenloesung-fuer-regulatorische-produktdaten","status":"publish","type":"page","link":"https:\/\/www.opengrpd.org\/en\/","title":{"rendered":"OpenGRPD \u2013 Branchenl\u00f6sung f\u00fcr regulatorische Produktdaten"},"content":{"rendered":"<div class=\"wpb-content-wrapper\"><div data-parent=\"true\" class=\"vc_row has-bg need-focus style-color-580285-bg row-container\" id=\"row-unique-0\"><div class=\"row quad-top-padding quad-bottom-padding single-h-padding limit-width row-parent\" data-height-ratio=\"55\"><div class=\"wpb_row row-inner\"><div class=\"wpb_column pos-middle pos-center align_left column_parent col-lg-12 half-internal-gutter\"><div class=\"uncol style-spec style-dark\"  ><div class=\"uncoltable\"><div class=\"uncell no-block-padding\" ><div class=\"uncont\" ><div class=\"vc_custom_heading_wrap\"><div class=\"heading-text el-text\" ><h2 class=\"font-555555 h1 text-color-xsdn-color\" ><span>Open General Regulatory Product Data<\/span><\/h2><\/div><div class=\"clear\"><\/div><\/div><div class=\"vc_custom_heading_wrap\"><div class=\"heading-text el-text\" ><h3 class=\"font-555555 h3 font-weight-400 text-color-xsdn-color\" ><span>The industry-wide solution for general regulatory product data<br \/><\/span><span>For retailers and manufacturers - efficient and transparent<\/span><\/h3><\/div><div class=\"clear\"><\/div><\/div><div class=\"empty-space empty-half\" ><span class=\"empty-space-inner\"><\/span><\/div>\n<span class=\"btn-container\" ><a role=\"button\"  href=\"https:\/\/www.opengrpd.org\/en\/pilotphase\/\" class=\"custom-link btn btn-lg border-width-0 btn-default btn-round btn-icon-left\" title=\"Pilotphase \u2013 Anbindung an OpenGRPD\">Join the pilot phase now<\/a><\/span><\/div><\/div><\/div><\/div><\/div><script id=\"script-row-unique-0\" data-row=\"script-row-unique-0\" type=\"text\/javascript\" class=\"vc_controls\">UNCODE.initRow(document.getElementById(\"row-unique-0\"));<\/script><\/div><\/div><\/div><div data-parent=\"true\" class=\"vc_row row-container onepage-section\" data-label=\"Mission\" data-name=\"mission\" id=\"row-unique-1\"><div class=\"row quad-top-padding quad-bottom-padding single-h-padding limit-width row-parent\" data-height-ratio=\"65\"><div class=\"wpb_row row-inner\"><div class=\"wpb_column pos-middle pos-center align_left column_parent col-lg-12 triple-internal-gutter\"><div class=\"uncol style-light\"  ><div class=\"uncoltable\"><div class=\"uncell no-block-padding\" ><div class=\"uncont\" ><div class=\"vc_row row-internal row-container\"><div class=\"row col-double-gutter row-child\"><div class=\"wpb_row row-inner\"><div class=\"wpb_column pos-top pos-center align_left column_child col-lg-4 one-internal-gutter\"><div class=\"uncol style-light\" ><div class=\"uncoltable\"><div class=\"uncell no-block-padding\" ><div class=\"uncont\" ><div class=\"empty-space empty-quart\" ><span class=\"empty-space-inner\"><\/span><\/div>\n<div class=\"vc_custom_heading_wrap\"><div class=\"heading-text el-text\" ><h6 class=\"h4 text-color-580285-color text-uppercase\" ><span>Our Mission<\/span><\/h6><\/div><div class=\"clear\"><\/div><\/div><\/div><\/div><\/div><\/div><\/div><div class=\"wpb_column pos-top pos-center align_left column_child col-lg-8 half-internal-gutter\"><div class=\"uncol style-light\" ><div class=\"uncoltable\"><div class=\"uncell no-block-padding\" ><div class=\"uncont\" ><div class=\"vc_custom_heading_wrap\"><div class=\"heading-text el-text\" ><h2 class=\"font-555555 h2\" ><span>Eine zentrale Plattform &#8211; alle regulatorischen Daten<\/span><\/h2><\/div><div class=\"clear\"><\/div><\/div><div class=\"vc_custom_heading_wrap\"><div class=\"heading-text el-text\" ><h3 class=\"font-555555 h4 font-weight-400\" ><span>Benefit from efficiency gains and shared benefits.<\/span><\/h3><\/div><div class=\"clear\"><\/div><\/div><\/div><\/div><\/div><\/div><\/div><\/div><\/div><\/div><div class=\"vc_row row-internal row-container\"><div class=\"row col-double-gutter row-child\"><div class=\"wpb_row row-inner\"><div class=\"wpb_column pos-top pos-center align_left column_child col-lg-4 single-internal-gutter\"><div class=\"uncol style-light\" ><div class=\"uncoltable\"><div class=\"uncell no-block-padding\" ><div class=\"uncont\" ><div class=\"icon-box icon-box-top  icon-media-image\" ><div class=\"icon-box-icon fa-container\" style=\"width:75px;\" ><span class=\"text-color-580285-color btn-disable-hover\"><img decoding=\"async\" class=\"\" src=\"https:\/\/www.opengrpd.org\/wp-content\/uploads\/2025\/02\/handshake-blau.png\" width=\"512\" height=\"512\" alt=\"\"  \/><\/span><\/div><div class=\"icon-box-content\"><div class=\"icon-box-heading icon-box-fa-1x\"><h3 class=\"h4\">Cooperation<\/h3><\/div><p class=\"text-lead\">Supports retailers with accurate regulatory product data and enables manufacturers to provide their data centrally and efficiently.<\/p>\n<\/div><\/div><\/div><\/div><\/div><\/div><\/div><div class=\"wpb_column pos-top pos-center align_left column_child col-lg-4 single-internal-gutter\"><div class=\"uncol style-light\" ><div class=\"uncoltable\"><div class=\"uncell no-block-padding\" ><div class=\"uncont\" ><div class=\"icon-box icon-box-top  icon-media-image\" ><div class=\"icon-box-icon fa-container\" style=\"width:75px;\" ><span class=\"text-color-580285-color btn-disable-hover\"><img decoding=\"async\" class=\"\" src=\"https:\/\/www.opengrpd.org\/wp-content\/uploads\/2025\/02\/efficacy.png\" width=\"512\" height=\"512\" alt=\"\"  \/><\/span><\/div><div class=\"icon-box-content\"><div class=\"icon-box-heading icon-box-fa-1x\"><h3 class=\"h4\">Efficiency<\/h3><\/div><p class=\"text-lead\">A centralized platform that reduces the effort and time required for data maintenance by manufacturers, while providing retailers with regulatory product data to reliably fulfil legal requirements.<\/p>\n<\/div><\/div><\/div><\/div><\/div><\/div><\/div><div class=\"wpb_column pos-top pos-center align_left column_child col-lg-4 single-internal-gutter\"><div class=\"uncol style-light\" ><div class=\"uncoltable\"><div class=\"uncell no-block-padding\" ><div class=\"uncont\" ><div class=\"icon-box icon-box-top  icon-media-image\" ><div class=\"icon-box-icon fa-container\" style=\"width:75px;\" ><span class=\"text-color-580285-color btn-disable-hover\"><img decoding=\"async\" class=\"\" src=\"https:\/\/www.opengrpd.org\/wp-content\/uploads\/2025\/02\/transparency.png\" width=\"512\" height=\"512\" alt=\"\"  \/><\/span><\/div><div class=\"icon-box-content\"><div class=\"icon-box-heading icon-box-fa-1x\"><h3 class=\"h4\">Transparency<\/h3><\/div><p class=\"text-lead\">Promotion of a standardized, open approach in which manufacturers and retailers can work together to ensure that products are marketed online without penalties.<\/p>\n<\/div><\/div><\/div><\/div><\/div><\/div><\/div><\/div><\/div><\/div><\/div><\/div><\/div><\/div><\/div><script id=\"script-row-unique-1\" data-row=\"script-row-unique-1\" type=\"text\/javascript\" class=\"vc_controls\">UNCODE.initRow(document.getElementById(\"row-unique-1\"));<\/script><\/div><\/div><\/div><div data-parent=\"true\" class=\"vc_row has-bg need-focus style-back_color-133427-bg row-container onepage-section\" data-label=\"Haendler\" data-name=\"haendler\" id=\"row-unique-2\"><div class=\"row quad-top-padding quad-bottom-padding single-h-padding limit-width row-parent\"><div class=\"wpb_row row-inner\"><div class=\"wpb_column pos-top pos-center align_left column_parent col-lg-12 double-internal-gutter\"><div class=\"uncol style-light\"  ><div class=\"uncoltable\"><div class=\"uncell no-block-padding\" ><div class=\"uncont\" ><div class=\"vc_custom_heading_wrap\"><div class=\"heading-text el-text\" ><h6 class=\"h4 text-color-580285-color text-uppercase\" ><span>Your advantages as a retailer<\/span><\/h6><\/div><div class=\"clear\"><\/div><\/div><div class=\"vc_custom_heading_wrap\"><div class=\"heading-text el-text\" ><h2 class=\"font-555555 h3\" ><span>The platform helps you access regulatory product data quickly and reliably, fulfil EU requirements and satisfy your customers.<\/span><\/h2><\/div><div class=\"clear\"><\/div><\/div><div class=\"vc_row row-internal row-container\"><div class=\"row row-child\"><div class=\"wpb_row row-inner\"><div class=\"wpb_column pos-top pos-center align_left column_child col-lg-8 single-internal-gutter\"><div class=\"uncol style-light\" ><div class=\"uncoltable\"><div class=\"uncell no-block-padding\" ><div class=\"uncont\" ><div class=\"icon-box icon-box-left  icon-media-image\" ><div class=\"icon-box-icon fa-container\" style=\"width:60px;\" ><span class=\"text-accent-color btn-disable-hover\"><img decoding=\"async\" class=\"\" src=\"https:\/\/www.opengrpd.org\/wp-content\/uploads\/2025\/02\/compliance.png\" width=\"512\" height=\"512\" alt=\"\"  \/><\/span><\/div><div class=\"icon-box-content\"><div class=\"icon-box-heading icon-box-fa-1x\"><h3 class=\"h4\">Minimized risk of penalties<\/h3><\/div><p class=\"text-lead\">High-quality regulatory product data ensures compliance with EU requirements (GPSR, CCD, CLP, etc.), thereby avoiding penalties.<\/p>\n<\/div><\/div><div class=\"icon-box icon-box-left  icon-media-image\" ><div class=\"icon-box-icon fa-container\" style=\"width:60px;\" ><span class=\"text-accent-color btn-disable-hover\"><img decoding=\"async\" class=\"\" src=\"https:\/\/www.opengrpd.org\/wp-content\/uploads\/2025\/02\/high-quality.png\" width=\"512\" height=\"512\" alt=\"\"  \/><\/span><\/div><div class=\"icon-box-content\"><div class=\"icon-box-heading icon-box-fa-1x\"><h3 class=\"h4\">High data quality and data up-to-dateness<\/h3><\/div><p class=\"text-lead\">Automated processes using APIs and queries via GTINs\/product codes ensure that regulatory product data is always up-to-date and of high quality to enable smooth processes.<\/p>\n<\/div><\/div><div class=\"icon-box icon-box-left  icon-media-image\" ><div class=\"icon-box-icon fa-container\" style=\"width:60px;\" ><span class=\"text-accent-color btn-disable-hover\"><img decoding=\"async\" class=\"\" src=\"https:\/\/www.opengrpd.org\/wp-content\/uploads\/2025\/02\/costumer.png\" width=\"512\" height=\"512\" alt=\"\"  \/><\/span><\/div><div class=\"icon-box-content\"><div class=\"icon-box-heading icon-box-fa-1x\"><h3 class=\"h4\">Customer satisfaction<\/h3><\/div><p class=\"text-lead\">Regulatory product data that is convincingly up-to-date creates transparency and strengthens end customers' trust in your online offering.<\/p>\n<\/div><\/div><\/div><\/div><\/div><\/div><\/div><div class=\"wpb_column pos-top pos-center align_left column_child col-lg-4 single-internal-gutter\"><div class=\"uncol style-light\" ><div class=\"uncoltable\"><div class=\"uncell no-block-padding\" ><div class=\"uncont\" ><\/div><\/div><\/div><\/div><\/div><\/div><\/div><\/div><\/div><\/div><\/div><\/div><\/div><script id=\"script-row-unique-2\" data-row=\"script-row-unique-2\" type=\"text\/javascript\" class=\"vc_controls\">UNCODE.initRow(document.getElementById(\"row-unique-2\"));<\/script><\/div><\/div><\/div><div data-parent=\"true\" class=\"vc_row has-bg need-focus style-color-xsdn-bg row-container onepage-section\" data-label=\"Hersteller\" data-name=\"hersteller\" id=\"row-unique-3\"><div class=\"row quad-top-padding quad-bottom-padding single-h-padding limit-width row-parent\"><div class=\"wpb_row row-inner\"><div class=\"wpb_column pos-top pos-center align_left column_parent col-lg-12 double-internal-gutter\"><div class=\"uncol style-light\"  ><div class=\"uncoltable\"><div class=\"uncell no-block-padding\" ><div class=\"uncont\" ><div class=\"vc_custom_heading_wrap\"><div class=\"heading-text el-text\" ><h6 class=\"h4 text-color-580285-color text-uppercase\" ><span>Your advantages as a manufacturer<\/span><\/h6><\/div><div class=\"clear\"><\/div><\/div><div class=\"vc_custom_heading_wrap\"><div class=\"heading-text el-text\" ><h2 class=\"font-555555 h3\" ><span>The platform helps you manage regulatory product data centrally, fulfil retailer requirements and strengthen your brand.<\/span><\/h2><\/div><div class=\"clear\"><\/div><\/div><div class=\"vc_row row-internal row-container\"><div class=\"row row-child\"><div class=\"wpb_row row-inner\"><div class=\"wpb_column pos-top pos-center align_left column_child col-lg-8 single-internal-gutter\"><div class=\"uncol style-light\" ><div class=\"uncoltable\"><div class=\"uncell no-block-padding\" ><div class=\"uncont\" ><div class=\"icon-box icon-box-left  icon-media-image\" ><div class=\"icon-box-icon fa-container\" style=\"width:60px;\" ><span class=\"text-accent-color btn-disable-hover\"><img decoding=\"async\" class=\"\" src=\"https:\/\/www.opengrpd.org\/wp-content\/uploads\/2025\/02\/compliance.png\" width=\"512\" height=\"512\" alt=\"\"  \/><\/span><\/div><div class=\"icon-box-content\"><div class=\"icon-box-heading icon-box-fa-1x\"><h3 class=\"h4\">Regulatory security for your trading partners<\/h3><\/div><p class=\"text-lead\">The platform helps to provide your trading partners with up-to-date and efficient regulatory product data in accordance with EU regulations. This allows your products to be seamlessly offered online in various sales channels.<\/p>\n<\/div><\/div><div class=\"icon-box icon-box-left  icon-media-image\" ><div class=\"icon-box-icon fa-container\" style=\"width:60px;\" ><span class=\"text-accent-color btn-disable-hover\"><img decoding=\"async\" class=\"\" src=\"https:\/\/www.opengrpd.org\/wp-content\/uploads\/2025\/02\/labor.png\" width=\"512\" height=\"512\" alt=\"\"  \/><\/span><\/div><div class=\"icon-box-content\"><div class=\"icon-box-heading icon-box-fa-1x\"><h3 class=\"h4\">Less manual effort<\/h3><\/div><p class=\"text-lead\">Minimize recurring tasks in the provision of regulatory product data, avoid duplication of work and save valuable resources. Once data has been maintained, it is available for all your trading partners.<\/p>\n<\/div><\/div><div class=\"icon-box icon-box-left  icon-media-image\" ><div class=\"icon-box-icon fa-container\" style=\"width:60px;\" ><span class=\"text-accent-color btn-disable-hover\"><img decoding=\"async\" class=\"\" src=\"https:\/\/www.opengrpd.org\/wp-content\/uploads\/2025\/02\/handshake-blau.png\" width=\"512\" height=\"512\" alt=\"\"  \/><\/span><\/div><div class=\"icon-box-content\"><div class=\"icon-box-heading icon-box-fa-1x\"><h3 class=\"h4\">Stronger relationships with your trading partners<\/h3><\/div><p class=\"text-lead\">Your trading partners always receive up-to-date regulatory product data - for smooth and efficient collaboration.<\/p>\n<\/div><\/div><\/div><\/div><\/div><\/div><\/div><div class=\"wpb_column pos-top pos-center align_left column_child col-lg-4 single-internal-gutter\"><div class=\"uncol style-light\" ><div class=\"uncoltable\"><div class=\"uncell no-block-padding\" ><div class=\"uncont\" ><\/div><\/div><\/div><\/div><\/div><\/div><\/div><\/div><\/div><\/div><\/div><\/div><\/div><script id=\"script-row-unique-3\" data-row=\"script-row-unique-3\" type=\"text\/javascript\" class=\"vc_controls\">UNCODE.initRow(document.getElementById(\"row-unique-3\"));<\/script><\/div><\/div><\/div><div data-parent=\"true\" class=\"vc_row has-bg need-focus style-back_color-154349-bg row-container onepage-section\" data-label=\"kontakt\" data-name=\"kontakt\" id=\"row-unique-4\"><div class=\"row quad-top-padding quad-bottom-padding single-h-padding full-width row-parent\"><div class=\"wpb_row row-inner\"><div class=\"wpb_column pos-top pos-center align_left column_parent col-lg-12 single-internal-gutter\"><div class=\"uncol style-light\"  ><div class=\"uncoltable\"><div class=\"uncell\" ><div class=\"uncont no-block-padding col-custom-width\" style=\" max-width:900px;\" ><div class=\"vc_custom_heading_wrap\"><div class=\"heading-text el-text\" ><h3 class=\"h4\" ><span>Contact us!<\/span><\/h3><div><p>Do you have questions about OpenGRPD or would you like to join the initiative? We look forward to the exchange!<\/p>\n<\/div><\/div><div class=\"clear\"><\/div><\/div><div class=\"divider-wrapper\"  >\n    <hr class=\"unseparator border-,Default-color separator-no-padding\"  \/>\n<\/div>\n\n<div class=\"wpcf7 no-js\" id=\"wpcf7-f145124-o1\" lang=\"en-US\" dir=\"ltr\" data-wpcf7-id=\"145124\">\n<div class=\"screen-reader-response\"><p role=\"status\" aria-live=\"polite\" aria-atomic=\"true\"><\/p> <ul><\/ul><\/div>\n<form action=\"\/en\/wp-json\/wp\/v2\/pages\/135826#wpcf7-f145124-o1\" method=\"post\" class=\"wpcf7-form init\" aria-label=\"Contact form\" novalidate=\"novalidate\" data-status=\"init\" data-trp-original-action=\"\/en\/wp-json\/wp\/v2\/pages\/135826#wpcf7-f145124-o1\">\n<fieldset class=\"hidden-fields-container\"><input type=\"hidden\" name=\"_wpcf7\" value=\"145124\" \/><input type=\"hidden\" name=\"_wpcf7_version\" value=\"6.1.5\" \/><input type=\"hidden\" name=\"_wpcf7_locale\" value=\"en_US\" \/><input type=\"hidden\" name=\"_wpcf7_unit_tag\" value=\"wpcf7-f145124-o1\" \/><input type=\"hidden\" name=\"_wpcf7_container_post\" value=\"0\" \/><input type=\"hidden\" name=\"_wpcf7_posted_data_hash\" value=\"\" \/><input type=\"hidden\" name=\"_wpcf7_recaptcha_response\" value=\"\" \/>\n<\/fieldset>\n<p><label> Company<br \/>\n<span class=\"wpcf7-form-control-wrap\" data-name=\"company\"><input size=\"40\" maxlength=\"400\" class=\"wpcf7-form-control wpcf7-text wpcf7-validates-as-required\" aria-required=\"true\" aria-invalid=\"false\" value=\"\" type=\"text\" name=\"company\" \/><\/span><br \/>\n<\/label>\n<\/p>\n<p><label> First name and surname *<br \/>\n<span class=\"wpcf7-form-control-wrap\" data-name=\"fullname\"><input size=\"40\" maxlength=\"400\" class=\"wpcf7-form-control wpcf7-text wpcf7-validates-as-required\" aria-required=\"true\" aria-invalid=\"false\" value=\"\" type=\"text\" name=\"fullname\" \/><\/span><br \/>\n<\/label>\n<\/p>\n<p><label> E-mail address *<br \/>\n<span class=\"wpcf7-form-control-wrap\" data-name=\"email\"><input size=\"40\" maxlength=\"400\" class=\"wpcf7-form-control wpcf7-email wpcf7-validates-as-required wpcf7-text wpcf7-validates-as-email\" aria-required=\"true\" aria-invalid=\"false\" value=\"\" type=\"email\" name=\"email\" \/><\/span><br \/>\n<\/label>\n<\/p>\n<p><label> I am a *<br \/>\n<span class=\"wpcf7-form-control-wrap\" data-name=\"user-type\"><select class=\"wpcf7-form-control wpcf7-select wpcf7-validates-as-required\" aria-required=\"true\" aria-invalid=\"false\" name=\"user-type\"><option value=\"H\u00e4ndler\">Retailer<\/option><option value=\"Hersteller\">Manufacturer<\/option><option value=\"Sonstige\">Sonstige<\/option><\/select><\/span><br \/>\n<\/label>\n<\/p>\n<p><label> Your request *<br \/>\n<span class=\"wpcf7-form-control-wrap\" data-name=\"message\"><textarea cols=\"40\" rows=\"10\" maxlength=\"2000\" class=\"wpcf7-form-control wpcf7-textarea wpcf7-validates-as-required\" aria-required=\"true\" aria-invalid=\"false\" name=\"message\"><\/textarea><\/span><br \/>\n<\/label>\n<\/p>\n<p><span class=\"wpcf7-form-control-wrap\" data-name=\"acceptance-1\"><span class=\"wpcf7-form-control wpcf7-acceptance\"><span class=\"wpcf7-list-item\"><label><input type=\"checkbox\" name=\"acceptance-1\" value=\"1\" aria-invalid=\"false\" \/><span class=\"wpcf7-list-item-label\">I have read the <a href=\"https:\/\/www.opengrpd.org\/en\/datenschutz\/\" target=\"_blank\">privacy policy<\/a> and consent to the processing of my data.<\/span><\/label><\/span><\/span><\/span>\n<\/p>\n<p><input class=\"wpcf7-form-control wpcf7-submit has-spinner\" type=\"submit\" value=\"Send message\" \/>\n<\/p><p style=\"display: none !important;\" class=\"akismet-fields-container\" data-prefix=\"_wpcf7_ak_\"><label>&#916;<textarea name=\"_wpcf7_ak_hp_textarea\" cols=\"45\" rows=\"8\" maxlength=\"100\"><\/textarea><\/label><input type=\"hidden\" id=\"ak_js_1\" name=\"_wpcf7_ak_js\" value=\"244\"\/><script>document.getElementById( \"ak_js_1\" ).setAttribute( \"value\", ( new Date() ).getTime() );<\/script><\/p><div class=\"wpcf7-response-output\" aria-hidden=\"true\"><\/div>\n<input type=\"hidden\" name=\"trp-form-language\" value=\"en\"\/><\/form>\n<\/div>\n<\/div><\/div><\/div><\/div><\/div><script id=\"script-row-unique-4\" data-row=\"script-row-unique-4\" type=\"text\/javascript\" class=\"vc_controls\">UNCODE.initRow(document.getElementById(\"row-unique-4\"));<\/script><\/div><\/div><\/div>\n<\/div>","protected":false},"excerpt":{"rendered":"Open General Regulatory Product DataDie Branchenl\u00f6sung f\u00fcr allgemeine regulatorische ProduktdatenF\u00fcr H\u00e4ndler und Hersteller \u2013 effizient und transparent Jetzt an Pilotphase [...]","protected":false},"author":2,"featured_media":0,"parent":0,"menu_order":0,"comment_status":"closed","ping_status":"closed","template":"","meta":{"footnotes":""},"class_list":["post-135826","page","type-page","status-publish","hentry"],"_links":{"self":[{"href":"https:\/\/www.opengrpd.org\/en\/wp-json\/wp\/v2\/pages\/135826","targetHints":{"allow":["GET"]}}],"collection":[{"href":"https:\/\/www.opengrpd.org\/en\/wp-json\/wp\/v2\/pages"}],"about":[{"href":"https:\/\/www.opengrpd.org\/en\/wp-json\/wp\/v2\/types\/page"}],"author":[{"embeddable":true,"href":"https:\/\/www.opengrpd.org\/en\/wp-json\/wp\/v2\/users\/2"}],"replies":[{"embeddable":true,"href":"https:\/\/www.opengrpd.org\/en\/wp-json\/wp\/v2\/comments?post=135826"}],"version-history":[{"count":94,"href":"https:\/\/www.opengrpd.org\/en\/wp-json\/wp\/v2\/pages\/135826\/revisions"}],"predecessor-version":[{"id":145506,"href":"https:\/\/www.opengrpd.org\/en\/wp-json\/wp\/v2\/pages\/135826\/revisions\/145506"}],"wp:attachment":[{"href":"https:\/\/www.opengrpd.org\/en\/wp-json\/wp\/v2\/media?parent=135826"}],"curies":[{"name":"wp","href":"https:\/\/api.w.org\/{rel}","templated":true}]}}